{"id":166,"date":"2026-02-06T07:36:01","date_gmt":"2026-02-06T07:36:01","guid":{"rendered":"https:\/\/26elysian.ideanet.at\/?page_id=166"},"modified":"2026-02-06T07:39:02","modified_gmt":"2026-02-06T07:39:02","slug":"gross","status":"publish","type":"page","link":"https:\/\/26elysian.ideanet.at\/?page_id=166","title":{"rendered":"Gro\u00df"},"content":{"rendered":"\t\t<div data-elementor-type=\"wp-page\" data-elementor-id=\"166\" class=\"elementor elementor-166\">\n\t\t\t\t<div class=\"elementor-element elementor-element-04113b0 e-flex e-con-boxed e-con e-parent\" data-id=\"04113b0\" data-element_type=\"container\" data-e-type=\"container\">\n\t\t\t\t\t<div class=\"e-con-inner\">\n\t\t\t\t<div class=\"elementor-element elementor-element-9e5b9b1 elementor-widget elementor-widget-heading\" data-id=\"9e5b9b1\" data-element_type=\"widget\" data-e-type=\"widget\" data-widget_type=\"heading.default\">\n\t\t\t\t\t<h2 class=\"elementor-heading-title elementor-size-default\">GROSS \u00b7 NORMALDOCHT<\/h2>\t\t\t\t<\/div>\n\t\t\t\t\t<\/div>\n\t\t\t\t<\/div>\n\t\t<div class=\"elementor-element elementor-element-f95fe68 e-flex e-con-boxed e-con e-parent\" data-id=\"f95fe68\" data-element_type=\"container\" data-e-type=\"container\">\n\t\t\t\t\t<div class=\"e-con-inner\">\n\t\t\t\t<div class=\"elementor-element elementor-element-86e961c elementor-widget elementor-widget-text-editor\" data-id=\"86e961c\" data-element_type=\"widget\" data-e-type=\"widget\" data-widget_type=\"text-editor.default\">\n\t\t\t\t\t\t\t\t\t<p data-start=\"913\" data-end=\"941\"><em data-start=\"913\" data-end=\"941\">Pr\u00e4senz. Balance. Eleganz.<\/em><\/p><h4 data-start=\"943\" data-end=\"964\"><strong data-start=\"948\" data-end=\"964\">Golden Ember<\/strong><\/h4><p data-start=\"965\" data-end=\"1195\"><strong data-start=\"965\" data-end=\"980\">Duftprofil:<\/strong> Vanille Absolue \u00b7 Amber \u00b7 Tonkabohne<br data-start=\"1017\" data-end=\"1020\" \/>Warm und umh\u00fcllend. Edle Vanille trifft auf tiefen Amber und eine feine S\u00fc\u00dfe aus Tonkabohne. Ein Duft, der Geborgenheit schafft und den Raum in weiches, goldenes Licht taucht.<\/p><h4 data-start=\"1197\" data-end=\"1217\"><strong data-start=\"1202\" data-end=\"1217\">Velvet Dusk<\/strong><\/h4><p>\u00a0<\/p><p data-start=\"1218\" data-end=\"1431\"><strong data-start=\"1218\" data-end=\"1233\">Duftprofil:<\/strong> Schwarze Feige \u00b7 Rose \u00b7 Sandelholz<br data-start=\"1268\" data-end=\"1271\" \/>Samtig und sinnlich. Die dunkle S\u00fc\u00dfe der Feige verschmilzt mit einer zur\u00fcckhaltenden Rose und cremigem Sandelholz. Elegant, erwachsen und perfekt f\u00fcr den Abend.<\/p>\t\t\t\t\t\t\t\t<\/div>\n\t\t\t\t\t<\/div>\n\t\t\t\t<\/div>\n\t\t\t\t<\/div>\n\t\t","protected":false},"excerpt":{"rendered":"<p>GROSS \u00b7 NORMALDOCHT Pr\u00e4senz. Balance. Eleganz. Golden Ember Duftprofil: Vanille Absolue \u00b7 Amber \u00b7 TonkabohneWarm und umh\u00fcllend. Edle Vanille trifft [&hellip;]<\/p>\n","protected":false},"author":2,"featured_media":0,"parent":0,"menu_order":0,"comment_status":"closed","ping_status":"closed","template":"","meta":{"site-sidebar-layout":"no-sidebar","site-content-layout":"","ast-site-content-layout":"full-width-container","site-content-style":"default","site-sidebar-style":"default","ast-global-header-display":"","ast-banner-title-visibility":"","ast-main-header-display":"","ast-hfb-above-header-display":"","ast-hfb-below-header-display":"","ast-hfb-mobile-header-display":"","site-post-title":"disabled","ast-breadcrumbs-content":"","ast-featured-img":"disabled","footer-sml-layout":"","ast-disable-related-posts":"","theme-transparent-header-meta":"","adv-header-id-meta":"","stick-header-meta":"","header-above-stick-meta":"","header-main-stick-meta":"","header-below-stick-meta":"","astra-migrate-meta-layouts":"default","ast-page-background-enabled":"default","ast-page-background-meta":{"desktop":{"background-color":"var(--ast-global-color-5)","background-image":"","background-repeat":"repeat","background-position":"center center","background-size":"auto","background-attachment":"scroll","background-type":"","background-media":"","overlay-type":"","overlay-color":"","overlay-opacity":"","overlay-gradient":""},"tablet":{"background-color":"","background-image":"","background-repeat":"repeat","background-position":"center center","background-size":"auto","background-attachment":"scroll","background-type":"","background-media":"","overlay-type":"","overlay-color":"","overlay-opacity":"","overlay-gradient":""},"mobile":{"background-color":"","background-image":"","background-repeat":"repeat","background-position":"center center","background-size":"auto","background-attachment":"scroll","background-type":"","background-media":"","overlay-type":"","overlay-color":"","overlay-opacity":"","overlay-gradient":""}},"ast-content-background-meta":{"desktop":{"background-color":"var(--ast-global-color-4)","background-image":"","background-repeat":"repeat","background-position":"center center","background-size":"auto","background-attachment":"scroll","background-type":"","background-media":"","overlay-type":"","overlay-color":"","overlay-opacity":"","overlay-gradient":""},"tablet":{"background-color":"var(--ast-global-color-4)","background-image":"","background-repeat":"repeat","background-position":"center center","background-size":"auto","background-attachment":"scroll","background-type":"","background-media":"","overlay-type":"","overlay-color":"","overlay-opacity":"","overlay-gradient":""},"mobile":{"background-color":"var(--ast-global-color-4)","background-image":"","background-repeat":"repeat","background-position":"center center","background-size":"auto","background-attachment":"scroll","background-type":"","background-media":"","overlay-type":"","overlay-color":"","overlay-opacity":"","overlay-gradient":""}},"footnotes":""},"class_list":["post-166","page","type-page","status-publish","hentry"],"_links":{"self":[{"href":"https:\/\/26elysian.ideanet.at\/index.php?rest_route=\/wp\/v2\/pages\/166","targetHints":{"allow":["GET"]}}],"collection":[{"href":"https:\/\/26elysian.ideanet.at\/index.php?rest_route=\/wp\/v2\/pages"}],"about":[{"href":"https:\/\/26elysian.ideanet.at\/index.php?rest_route=\/wp\/v2\/types\/page"}],"author":[{"embeddable":true,"href":"https:\/\/26elysian.ideanet.at\/index.php?rest_route=\/wp\/v2\/users\/2"}],"replies":[{"embeddable":true,"href":"https:\/\/26elysian.ideanet.at\/index.php?rest_route=%2Fwp%2Fv2%2Fcomments&post=166"}],"version-history":[{"count":8,"href":"https:\/\/26elysian.ideanet.at\/index.php?rest_route=\/wp\/v2\/pages\/166\/revisions"}],"predecessor-version":[{"id":175,"href":"https:\/\/26elysian.ideanet.at\/index.php?rest_route=\/wp\/v2\/pages\/166\/revisions\/175"}],"wp:attachment":[{"href":"https:\/\/26elysian.ideanet.at\/index.php?rest_route=%2Fwp%2Fv2%2Fmedia&parent=166"}],"curies":[{"name":"wp","href":"https:\/\/api.w.org\/{rel}","templated":true}]}}