{"id":184,"date":"2026-02-06T07:41:31","date_gmt":"2026-02-06T07:41:31","guid":{"rendered":"https:\/\/26elysian.ideanet.at\/?page_id=184"},"modified":"2026-02-06T07:43:44","modified_gmt":"2026-02-06T07:43:44","slug":"gross-2","status":"publish","type":"page","link":"https:\/\/26elysian.ideanet.at\/?page_id=184","title":{"rendered":"Gro\u00df"},"content":{"rendered":"\t\t<div data-elementor-type=\"wp-page\" data-elementor-id=\"184\" class=\"elementor elementor-184\">\n\t\t\t\t<div class=\"elementor-element elementor-element-27db4e3 e-flex e-con-boxed e-con e-parent\" data-id=\"27db4e3\" data-element_type=\"container\" data-e-type=\"container\">\n\t\t\t\t\t<div class=\"e-con-inner\">\n\t\t\t\t<div class=\"elementor-element elementor-element-f352f34 elementor-widget elementor-widget-heading\" data-id=\"f352f34\" data-element_type=\"widget\" data-e-type=\"widget\" data-widget_type=\"heading.default\">\n\t\t\t\t\t<h2 class=\"elementor-heading-title elementor-size-default\">GROSS \u00b7 HOLZDOCHT<\/h2>\t\t\t\t<\/div>\n\t\t\t\t\t<\/div>\n\t\t\t\t<\/div>\n\t\t<div class=\"elementor-element elementor-element-01deb6a e-flex e-con-boxed e-con e-parent\" data-id=\"01deb6a\" data-element_type=\"container\" data-e-type=\"container\">\n\t\t\t\t\t<div class=\"e-con-inner\">\n\t\t\t\t<div class=\"elementor-element elementor-element-bc44c9a elementor-widget elementor-widget-text-editor\" data-id=\"bc44c9a\" data-element_type=\"widget\" data-e-type=\"widget\" data-widget_type=\"text-editor.default\">\n\t\t\t\t\t\t\t\t\t<h4 data-start=\"2061\" data-end=\"2082\"><strong data-start=\"2066\" data-end=\"2082\">Sacred Woods<\/strong><\/h4><p data-start=\"2083\" data-end=\"2295\"><strong data-start=\"2083\" data-end=\"2098\">Duftprofil:<\/strong> Palo Santo \u00b7 Guajakholz \u00b7 Weihrauch<br data-start=\"2134\" data-end=\"2137\">\nTief, meditativ und spirituell. Harzige H\u00f6lzer und warmer Weihrauch schaffen eine beinahe sakrale Atmosph\u00e4re. Der Holzdocht macht jede Flamme zu einem Ritual.<\/p><h4 data-start=\"2297\" data-end=\"2320\"><strong data-start=\"2302\" data-end=\"2320\">Midnight Resin<\/strong><\/h4><p>\n\n\n<\/p><p data-start=\"2321\" data-end=\"2518\"><strong data-start=\"2321\" data-end=\"2336\">Duftprofil:<\/strong> Myrrhe \u00b7 Amber \u00b7 Schwarze Vanille<br data-start=\"2370\" data-end=\"2373\">\nDunkel, luxuri\u00f6s und geheimnisvoll. Harzige Myrrhe trifft auf warmen Amber und eine rauchige Vanille. Ein Duft f\u00fcr sp\u00e4te Stunden und gro\u00dfe R\u00e4ume.<\/p>\t\t\t\t\t\t\t\t<\/div>\n\t\t\t\t\t<\/div>\n\t\t\t\t<\/div>\n\t\t\t\t<\/div>\n\t\t","protected":false},"excerpt":{"rendered":"<p>GROSS \u00b7 HOLZDOCHT Sacred Woods Duftprofil: Palo Santo \u00b7 Guajakholz \u00b7 Weihrauch Tief, meditativ und spirituell. Harzige H\u00f6lzer und warmer [&hellip;]<\/p>\n","protected":false},"author":2,"featured_media":0,"parent":0,"menu_order":0,"comment_status":"closed","ping_status":"closed","template":"","meta":{"site-sidebar-layout":"no-sidebar","site-content-layout":"","ast-site-content-layout":"full-width-container","site-content-style":"default","site-sidebar-style":"default","ast-global-header-display":"","ast-banner-title-visibility":"","ast-main-header-display":"","ast-hfb-above-header-display":"","ast-hfb-below-header-display":"","ast-hfb-mobile-header-display":"","site-post-title":"disabled","ast-breadcrumbs-content":"","ast-featured-img":"disabled","footer-sml-layout":"","ast-disable-related-posts":"","theme-transparent-header-meta":"","adv-header-id-meta":"","stick-header-meta":"","header-above-stick-meta":"","header-main-stick-meta":"","header-below-stick-meta":"","astra-migrate-meta-layouts":"default","ast-page-background-enabled":"default","ast-page-background-meta":{"desktop":{"background-color":"var(--ast-global-color-5)","background-image":"","background-repeat":"repeat","background-position":"center center","background-size":"auto","background-attachment":"scroll","background-type":"","background-media":"","overlay-type":"","overlay-color":"","overlay-opacity":"","overlay-gradient":""},"tablet":{"background-color":"","background-image":"","background-repeat":"repeat","background-position":"center center","background-size":"auto","background-attachment":"scroll","background-type":"","background-media":"","overlay-type":"","overlay-color":"","overlay-opacity":"","overlay-gradient":""},"mobile":{"background-color":"","background-image":"","background-repeat":"repeat","background-position":"center center","background-size":"auto","background-attachment":"scroll","background-type":"","background-media":"","overlay-type":"","overlay-color":"","overlay-opacity":"","overlay-gradient":""}},"ast-content-background-meta":{"desktop":{"background-color":"var(--ast-global-color-4)","background-image":"","background-repeat":"repeat","background-position":"center center","background-size":"auto","background-attachment":"scroll","background-type":"","background-media":"","overlay-type":"","overlay-color":"","overlay-opacity":"","overlay-gradient":""},"tablet":{"background-color":"var(--ast-global-color-4)","background-image":"","background-repeat":"repeat","background-position":"center center","background-size":"auto","background-attachment":"scroll","background-type":"","background-media":"","overlay-type":"","overlay-color":"","overlay-opacity":"","overlay-gradient":""},"mobile":{"background-color":"var(--ast-global-color-4)","background-image":"","background-repeat":"repeat","background-position":"center center","background-size":"auto","background-attachment":"scroll","background-type":"","background-media":"","overlay-type":"","overlay-color":"","overlay-opacity":"","overlay-gradient":""}},"footnotes":""},"class_list":["post-184","page","type-page","status-publish","hentry"],"_links":{"self":[{"href":"https:\/\/26elysian.ideanet.at\/index.php?rest_route=\/wp\/v2\/pages\/184","targetHints":{"allow":["GET"]}}],"collection":[{"href":"https:\/\/26elysian.ideanet.at\/index.php?rest_route=\/wp\/v2\/pages"}],"about":[{"href":"https:\/\/26elysian.ideanet.at\/index.php?rest_route=\/wp\/v2\/types\/page"}],"author":[{"embeddable":true,"href":"https:\/\/26elysian.ideanet.at\/index.php?rest_route=\/wp\/v2\/users\/2"}],"replies":[{"embeddable":true,"href":"https:\/\/26elysian.ideanet.at\/index.php?rest_route=%2Fwp%2Fv2%2Fcomments&post=184"}],"version-history":[{"count":5,"href":"https:\/\/26elysian.ideanet.at\/index.php?rest_route=\/wp\/v2\/pages\/184\/revisions"}],"predecessor-version":[{"id":193,"href":"https:\/\/26elysian.ideanet.at\/index.php?rest_route=\/wp\/v2\/pages\/184\/revisions\/193"}],"wp:attachment":[{"href":"https:\/\/26elysian.ideanet.at\/index.php?rest_route=%2Fwp%2Fv2%2Fmedia&parent=184"}],"curies":[{"name":"wp","href":"https:\/\/api.w.org\/{rel}","templated":true}]}}