{"id":186,"date":"2026-02-06T07:41:43","date_gmt":"2026-02-06T07:41:43","guid":{"rendered":"https:\/\/26elysian.ideanet.at\/?page_id=186"},"modified":"2026-02-06T07:45:29","modified_gmt":"2026-02-06T07:45:29","slug":"klein-2","status":"publish","type":"page","link":"https:\/\/26elysian.ideanet.at\/?page_id=186","title":{"rendered":"Klein"},"content":{"rendered":"\t\t<div data-elementor-type=\"wp-page\" data-elementor-id=\"186\" class=\"elementor elementor-186\">\n\t\t\t\t<div class=\"elementor-element elementor-element-390941a e-flex e-con-boxed e-con e-parent\" data-id=\"390941a\" data-element_type=\"container\" data-e-type=\"container\">\n\t\t\t\t\t<div class=\"e-con-inner\">\n\t\t\t\t<div class=\"elementor-element elementor-element-83924b8 elementor-widget elementor-widget-heading\" data-id=\"83924b8\" data-element_type=\"widget\" data-e-type=\"widget\" data-widget_type=\"heading.default\">\n\t\t\t\t\t<h2 class=\"elementor-heading-title elementor-size-default\">KLEIN \u00b7 HOLZDOCHT<\/h2>\t\t\t\t<\/div>\n\t\t\t\t\t<\/div>\n\t\t\t\t<\/div>\n\t\t<div class=\"elementor-element elementor-element-0ad73b1 e-flex e-con-boxed e-con e-parent\" data-id=\"0ad73b1\" data-element_type=\"container\" data-e-type=\"container\">\n\t\t\t\t\t<div class=\"e-con-inner\">\n\t\t\t\t<div class=\"elementor-element elementor-element-ff2b1bd elementor-widget elementor-widget-text-editor\" data-id=\"ff2b1bd\" data-element_type=\"widget\" data-e-type=\"widget\" data-widget_type=\"text-editor.default\">\n\t\t\t\t\t\t\t\t\t<p data-start=\"1465\" data-end=\"1492\"><em data-start=\"1465\" data-end=\"1492\">Ritual. Tiefe. Intimit\u00e4t.<\/em><\/p><h4 data-start=\"1494\" data-end=\"1515\"><strong data-start=\"1499\" data-end=\"1515\">Smoked Linen<\/strong><\/h4><p data-start=\"1516\" data-end=\"1755\"><strong data-start=\"1516\" data-end=\"1531\">Duftprofil:<\/strong> Leinen \u00b7 Wei\u00dfer Rauch \u00b7 Zedernholz<br data-start=\"1566\" data-end=\"1569\">\nEin minimalistischer Duft mit Charakter. Frisches Leinen trifft auf einen Hauch Rauch und trockenes Zedernholz. Der leise knisternde Holzdocht verst\u00e4rkt das Gef\u00fchl von Ruhe und Klarheit.<\/p><h4 data-start=\"1757\" data-end=\"1776\"><strong data-start=\"1762\" data-end=\"1776\">Noir Thyme<\/strong><\/h4><p>\n\n\n\n<\/p><p data-start=\"1777\" data-end=\"1989\"><strong data-start=\"1777\" data-end=\"1792\">Duftprofil:<\/strong> Schwarzer Tee \u00b7 Thymian \u00b7 Bergamotte<br data-start=\"1829\" data-end=\"1832\">\nHerb, elegant und modern. Kr\u00e4utriger Thymian und dunkler Tee werden von feiner Bergamotte aufgehellt. Ein Duft f\u00fcr Designliebhaber und minimalistische R\u00e4ume.<\/p>\t\t\t\t\t\t\t\t<\/div>\n\t\t\t\t\t<\/div>\n\t\t\t\t<\/div>\n\t\t\t\t<\/div>\n\t\t","protected":false},"excerpt":{"rendered":"<p>KLEIN \u00b7 HOLZDOCHT Ritual. Tiefe. Intimit\u00e4t. Smoked Linen Duftprofil: Leinen \u00b7 Wei\u00dfer Rauch \u00b7 Zedernholz Ein minimalistischer Duft mit Charakter. [&hellip;]<\/p>\n","protected":false},"author":2,"featured_media":0,"parent":0,"menu_order":0,"comment_status":"closed","ping_status":"closed","template":"","meta":{"site-sidebar-layout":"no-sidebar","site-content-layout":"","ast-site-content-layout":"full-width-container","site-content-style":"default","site-sidebar-style":"default","ast-global-header-display":"","ast-banner-title-visibility":"","ast-main-header-display":"","ast-hfb-above-header-display":"","ast-hfb-below-header-display":"","ast-hfb-mobile-header-display":"","site-post-title":"disabled","ast-breadcrumbs-content":"","ast-featured-img":"disabled","footer-sml-layout":"","ast-disable-related-posts":"","theme-transparent-header-meta":"","adv-header-id-meta":"","stick-header-meta":"","header-above-stick-meta":"","header-main-stick-meta":"","header-below-stick-meta":"","astra-migrate-meta-layouts":"default","ast-page-background-enabled":"default","ast-page-background-meta":{"desktop":{"background-color":"var(--ast-global-color-5)","background-image":"","background-repeat":"repeat","background-position":"center center","background-size":"auto","background-attachment":"scroll","background-type":"","background-media":"","overlay-type":"","overlay-color":"","overlay-opacity":"","overlay-gradient":""},"tablet":{"background-color":"","background-image":"","background-repeat":"repeat","background-position":"center center","background-size":"auto","background-attachment":"scroll","background-type":"","background-media":"","overlay-type":"","overlay-color":"","overlay-opacity":"","overlay-gradient":""},"mobile":{"background-color":"","background-image":"","background-repeat":"repeat","background-position":"center center","background-size":"auto","background-attachment":"scroll","background-type":"","background-media":"","overlay-type":"","overlay-color":"","overlay-opacity":"","overlay-gradient":""}},"ast-content-background-meta":{"desktop":{"background-color":"var(--ast-global-color-4)","background-image":"","background-repeat":"repeat","background-position":"center center","background-size":"auto","background-attachment":"scroll","background-type":"","background-media":"","overlay-type":"","overlay-color":"","overlay-opacity":"","overlay-gradient":""},"tablet":{"background-color":"var(--ast-global-color-4)","background-image":"","background-repeat":"repeat","background-position":"center center","background-size":"auto","background-attachment":"scroll","background-type":"","background-media":"","overlay-type":"","overlay-color":"","overlay-opacity":"","overlay-gradient":""},"mobile":{"background-color":"var(--ast-global-color-4)","background-image":"","background-repeat":"repeat","background-position":"center center","background-size":"auto","background-attachment":"scroll","background-type":"","background-media":"","overlay-type":"","overlay-color":"","overlay-opacity":"","overlay-gradient":""}},"footnotes":""},"class_list":["post-186","page","type-page","status-publish","hentry"],"_links":{"self":[{"href":"https:\/\/26elysian.ideanet.at\/index.php?rest_route=\/wp\/v2\/pages\/186","targetHints":{"allow":["GET"]}}],"collection":[{"href":"https:\/\/26elysian.ideanet.at\/index.php?rest_route=\/wp\/v2\/pages"}],"about":[{"href":"https:\/\/26elysian.ideanet.at\/index.php?rest_route=\/wp\/v2\/types\/page"}],"author":[{"embeddable":true,"href":"https:\/\/26elysian.ideanet.at\/index.php?rest_route=\/wp\/v2\/users\/2"}],"replies":[{"embeddable":true,"href":"https:\/\/26elysian.ideanet.at\/index.php?rest_route=%2Fwp%2Fv2%2Fcomments&post=186"}],"version-history":[{"count":5,"href":"https:\/\/26elysian.ideanet.at\/index.php?rest_route=\/wp\/v2\/pages\/186\/revisions"}],"predecessor-version":[{"id":197,"href":"https:\/\/26elysian.ideanet.at\/index.php?rest_route=\/wp\/v2\/pages\/186\/revisions\/197"}],"wp:attachment":[{"href":"https:\/\/26elysian.ideanet.at\/index.php?rest_route=%2Fwp%2Fv2%2Fmedia&parent=186"}],"curies":[{"name":"wp","href":"https:\/\/api.w.org\/{rel}","templated":true}]}}