{"id":32,"date":"2026-01-21T12:04:37","date_gmt":"2026-01-21T12:04:37","guid":{"rendered":"https:\/\/26elysian.ideanet.at\/?page_id=32"},"modified":"2026-02-06T07:40:41","modified_gmt":"2026-02-06T07:40:41","slug":"klein","status":"publish","type":"page","link":"https:\/\/26elysian.ideanet.at\/?page_id=32","title":{"rendered":"Klein"},"content":{"rendered":"\t\t<div data-elementor-type=\"wp-page\" data-elementor-id=\"32\" class=\"elementor elementor-32\">\n\t\t\t\t<div class=\"elementor-element elementor-element-3a3ca15 e-flex e-con-boxed e-con e-parent\" data-id=\"3a3ca15\" data-element_type=\"container\" data-e-type=\"container\">\n\t\t\t\t\t<div class=\"e-con-inner\">\n\t\t\t\t<div class=\"elementor-element elementor-element-7726d0b elementor-widget elementor-widget-heading\" data-id=\"7726d0b\" data-element_type=\"widget\" data-e-type=\"widget\" data-widget_type=\"heading.default\">\n\t\t\t\t\t<h2 class=\"elementor-heading-title elementor-size-default\">KLEIN \u00b7 NORMALDOCHT<\/h2>\t\t\t\t<\/div>\n\t\t\t\t\t<\/div>\n\t\t\t\t<\/div>\n\t\t<div class=\"elementor-element elementor-element-77d84ad e-flex e-con-boxed e-con e-parent\" data-id=\"77d84ad\" data-element_type=\"container\" data-e-type=\"container\">\n\t\t\t\t\t<div class=\"e-con-inner\">\n\t\t\t\t<div class=\"elementor-element elementor-element-eb0c860 elementor-widget elementor-widget-text-editor\" data-id=\"eb0c860\" data-element_type=\"widget\" data-e-type=\"widget\" data-widget_type=\"text-editor.default\">\n\t\t\t\t\t\t\t\t\t<p data-start=\"289\" data-end=\"315\"><em data-start=\"289\" data-end=\"315\">Fein. Intim. Pers\u00f6nlich.<\/em><\/p><h4 data-start=\"317\" data-end=\"339\"><strong data-start=\"322\" data-end=\"339\">Ivory Silence<\/strong><\/h4><p data-start=\"340\" data-end=\"617\"><strong data-start=\"340\" data-end=\"355\">Duftprofil:<\/strong> Wei\u00dfer Moschus \u00b7 Iris \u00b7 Kaschmirholz<br data-start=\"392\" data-end=\"395\">\nEin sanfter, pudriger Duft, der Ruhe ausstrahlt. Die k\u00fchle Eleganz der Iris verbindet sich mit cremigem Moschus und einem warmen, fast stofflichen Kaschmirholz. Perfekt f\u00fcr ruhige Abende, Selfcare-Rituale und stille R\u00e4ume.<\/p><h4 data-start=\"619\" data-end=\"639\"><strong data-start=\"624\" data-end=\"639\">Citrus Veil<\/strong><\/h4><p>\n\n\n\n<\/p><p data-start=\"640\" data-end=\"878\"><strong data-start=\"640\" data-end=\"655\">Duftprofil:<\/strong> Bergamotte \u00b7 Wei\u00dfer Tee \u00b7 Neroli<br data-start=\"688\" data-end=\"691\">\nFrisch, klar und leicht. Spritzige Bergamotte \u00f6ffnet den Duft, w\u00e4hrend wei\u00dfer Tee und Neroli ihm eine elegante, luftige Tiefe verleihen. Ideal f\u00fcr den Morgen oder lichtdurchflutete R\u00e4ume.<\/p>\t\t\t\t\t\t\t\t<\/div>\n\t\t\t\t\t<\/div>\n\t\t\t\t<\/div>\n\t\t\t\t<\/div>\n\t\t","protected":false},"excerpt":{"rendered":"<p>KLEIN \u00b7 NORMALDOCHT Fein. Intim. Pers\u00f6nlich. Ivory Silence Duftprofil: Wei\u00dfer Moschus \u00b7 Iris \u00b7 Kaschmirholz Ein sanfter, pudriger Duft, der [&hellip;]<\/p>\n","protected":false},"author":1,"featured_media":0,"parent":0,"menu_order":0,"comment_status":"closed","ping_status":"closed","template":"","meta":{"site-sidebar-layout":"no-sidebar","site-content-layout":"","ast-site-content-layout":"full-width-container","site-content-style":"default","site-sidebar-style":"default","ast-global-header-display":"","ast-banner-title-visibility":"","ast-main-header-display":"","ast-hfb-above-header-display":"","ast-hfb-below-header-display":"","ast-hfb-mobile-header-display":"","site-post-title":"disabled","ast-breadcrumbs-content":"","ast-featured-img":"disabled","footer-sml-layout":"","ast-disable-related-posts":"","theme-transparent-header-meta":"","adv-header-id-meta":"","stick-header-meta":"","header-above-stick-meta":"","header-main-stick-meta":"","header-below-stick-meta":"","astra-migrate-meta-layouts":"default","ast-page-background-enabled":"default","ast-page-background-meta":{"desktop":{"background-color":"var(--ast-global-color-5)","background-image":"","background-repeat":"repeat","background-position":"center center","background-size":"auto","background-attachment":"scroll","background-type":"","background-media":"","overlay-type":"","overlay-color":"","overlay-opacity":"","overlay-gradient":""},"tablet":{"background-color":"","background-image":"","background-repeat":"repeat","background-position":"center center","background-size":"auto","background-attachment":"scroll","background-type":"","background-media":"","overlay-type":"","overlay-color":"","overlay-opacity":"","overlay-gradient":""},"mobile":{"background-color":"","background-image":"","background-repeat":"repeat","background-position":"center center","background-size":"auto","background-attachment":"scroll","background-type":"","background-media":"","overlay-type":"","overlay-color":"","overlay-opacity":"","overlay-gradient":""}},"ast-content-background-meta":{"desktop":{"background-color":"var(--ast-global-color-4)","background-image":"","background-repeat":"repeat","background-position":"center center","background-size":"auto","background-attachment":"scroll","background-type":"","background-media":"","overlay-type":"","overlay-color":"","overlay-opacity":"","overlay-gradient":""},"tablet":{"background-color":"var(--ast-global-color-4)","background-image":"","background-repeat":"repeat","background-position":"center center","background-size":"auto","background-attachment":"scroll","background-type":"","background-media":"","overlay-type":"","overlay-color":"","overlay-opacity":"","overlay-gradient":""},"mobile":{"background-color":"var(--ast-global-color-4)","background-image":"","background-repeat":"repeat","background-position":"center center","background-size":"auto","background-attachment":"scroll","background-type":"","background-media":"","overlay-type":"","overlay-color":"","overlay-opacity":"","overlay-gradient":""}},"footnotes":""},"class_list":["post-32","page","type-page","status-publish","hentry"],"_links":{"self":[{"href":"https:\/\/26elysian.ideanet.at\/index.php?rest_route=\/wp\/v2\/pages\/32","targetHints":{"allow":["GET"]}}],"collection":[{"href":"https:\/\/26elysian.ideanet.at\/index.php?rest_route=\/wp\/v2\/pages"}],"about":[{"href":"https:\/\/26elysian.ideanet.at\/index.php?rest_route=\/wp\/v2\/types\/page"}],"author":[{"embeddable":true,"href":"https:\/\/26elysian.ideanet.at\/index.php?rest_route=\/wp\/v2\/users\/1"}],"replies":[{"embeddable":true,"href":"https:\/\/26elysian.ideanet.at\/index.php?rest_route=%2Fwp%2Fv2%2Fcomments&post=32"}],"version-history":[{"count":6,"href":"https:\/\/26elysian.ideanet.at\/index.php?rest_route=\/wp\/v2\/pages\/32\/revisions"}],"predecessor-version":[{"id":183,"href":"https:\/\/26elysian.ideanet.at\/index.php?rest_route=\/wp\/v2\/pages\/32\/revisions\/183"}],"wp:attachment":[{"href":"https:\/\/26elysian.ideanet.at\/index.php?rest_route=%2Fwp%2Fv2%2Fmedia&parent=32"}],"curies":[{"name":"wp","href":"https:\/\/api.w.org\/{rel}","templated":true}]}}