{"id":36,"date":"2026-01-21T12:04:55","date_gmt":"2026-01-21T12:04:55","guid":{"rendered":"https:\/\/26elysian.ideanet.at\/?page_id=36"},"modified":"2026-02-06T07:49:53","modified_gmt":"2026-02-06T07:49:53","slug":"holzdocht","status":"publish","type":"page","link":"https:\/\/26elysian.ideanet.at\/?page_id=36","title":{"rendered":"Holzdocht"},"content":{"rendered":"\t\t<div data-elementor-type=\"wp-page\" data-elementor-id=\"36\" class=\"elementor elementor-36\">\n\t\t\t\t<div class=\"elementor-element elementor-element-335142f e-flex e-con-boxed e-con e-parent\" data-id=\"335142f\" data-element_type=\"container\" data-e-type=\"container\">\n\t\t\t\t\t<div class=\"e-con-inner\">\n\t\t\t\t<div class=\"elementor-element elementor-element-747c079 elementor-widget elementor-widget-heading\" data-id=\"747c079\" data-element_type=\"widget\" data-e-type=\"widget\" data-widget_type=\"heading.default\">\n\t\t\t\t\t<h2 class=\"elementor-heading-title elementor-size-default\">Kerzen mit Holzdocht<\/h2>\t\t\t\t<\/div>\n\t\t\t\t\t<\/div>\n\t\t\t\t<\/div>\n\t\t<div class=\"elementor-element elementor-element-b3c022e e-flex e-con-boxed e-con e-parent\" data-id=\"b3c022e\" data-element_type=\"container\" data-e-type=\"container\">\n\t\t\t\t\t<div class=\"e-con-inner\">\n\t\t\t\t<div class=\"elementor-element elementor-element-274b182 elementor-widget elementor-widget-text-editor\" data-id=\"274b182\" data-element_type=\"widget\" data-e-type=\"widget\" data-widget_type=\"text-editor.default\">\n\t\t\t\t\t\t\t\t\t<p data-start=\"1455\" data-end=\"1792\">Kerzen mit Holzdocht sind ein sinnliches Erlebnis f\u00fcr alle Sinne. Der flache, nat\u00fcrliche Holzdocht erzeugt beim Abbrennen ein sanftes Knistern, das an ein kleines Kaminfeuer erinnert. Dieses akustische Element verleiht der Kerze eine besondere Tiefe und macht sie zu einem bewussten Ritual \u2013 nicht nur Licht und Duft, sondern auch Klang.<\/p><p data-start=\"1794\" data-end=\"2103\">Die Flamme eines Holzdochts ist breiter und lebendiger. Sie verleiht dem Raum eine intensive, warme Atmosph\u00e4re und verst\u00e4rkt besonders tiefe, holzige, harzige oder w\u00fcrzige Duftnoten. D\u00fcfte wie Amber, Weihrauch, H\u00f6lzer oder Vanille wirken durch den Holzdocht noch voller und charakterst\u00e4rker, beinahe greifbar.<\/p><p data-start=\"2105\" data-end=\"2426\">ELYSIAN-Holzdochtkerzen stehen f\u00fcr einen modernen, ausdrucksstarken Luxus. Sie sind geschaffen f\u00fcr besondere Abende, gro\u00dfe R\u00e4ume und Momente, in denen Atmosph\u00e4re bewusst inszeniert wird. Das Zusammenspiel aus knisterndem Docht, warmem Licht und tiefen Duftnoten schafft ein Gef\u00fchl von Geborgenheit, Ruhe und Exklusivit\u00e4t.<\/p><p>\n\n\n<\/p><p data-start=\"2428\" data-end=\"2538\">Eine Kerze mit Holzdocht ist kein Accessoire \u2013 sie ist ein Statement.<br data-start=\"2497\" data-end=\"2500\">\nEin Ritual aus Licht, Duft und Stille.<\/p>\t\t\t\t\t\t\t\t<\/div>\n\t\t\t\t\t<\/div>\n\t\t\t\t<\/div>\n\t\t\t\t<\/div>\n\t\t","protected":false},"excerpt":{"rendered":"<p>Kerzen mit Holzdocht Kerzen mit Holzdocht sind ein sinnliches Erlebnis f\u00fcr alle Sinne. Der flache, nat\u00fcrliche Holzdocht erzeugt beim Abbrennen [&hellip;]<\/p>\n","protected":false},"author":1,"featured_media":0,"parent":0,"menu_order":0,"comment_status":"closed","ping_status":"closed","template":"","meta":{"site-sidebar-layout":"no-sidebar","site-content-layout":"","ast-site-content-layout":"full-width-container","site-content-style":"default","site-sidebar-style":"default","ast-global-header-display":"","ast-banner-title-visibility":"","ast-main-header-display":"","ast-hfb-above-header-display":"","ast-hfb-below-header-display":"","ast-hfb-mobile-header-display":"","site-post-title":"disabled","ast-breadcrumbs-content":"","ast-featured-img":"disabled","footer-sml-layout":"","ast-disable-related-posts":"","theme-transparent-header-meta":"","adv-header-id-meta":"","stick-header-meta":"","header-above-stick-meta":"","header-main-stick-meta":"","header-below-stick-meta":"","astra-migrate-meta-layouts":"default","ast-page-background-enabled":"default","ast-page-background-meta":{"desktop":{"background-color":"var(--ast-global-color-5)","background-image":"","background-repeat":"repeat","background-position":"center center","background-size":"auto","background-attachment":"scroll","background-type":"","background-media":"","overlay-type":"","overlay-color":"","overlay-opacity":"","overlay-gradient":""},"tablet":{"background-color":"","background-image":"","background-repeat":"repeat","background-position":"center center","background-size":"auto","background-attachment":"scroll","background-type":"","background-media":"","overlay-type":"","overlay-color":"","overlay-opacity":"","overlay-gradient":""},"mobile":{"background-color":"","background-image":"","background-repeat":"repeat","background-position":"center center","background-size":"auto","background-attachment":"scroll","background-type":"","background-media":"","overlay-type":"","overlay-color":"","overlay-opacity":"","overlay-gradient":""}},"ast-content-background-meta":{"desktop":{"background-color":"var(--ast-global-color-4)","background-image":"","background-repeat":"repeat","background-position":"center center","background-size":"auto","background-attachment":"scroll","background-type":"","background-media":"","overlay-type":"","overlay-color":"","overlay-opacity":"","overlay-gradient":""},"tablet":{"background-color":"var(--ast-global-color-4)","background-image":"","background-repeat":"repeat","background-position":"center center","background-size":"auto","background-attachment":"scroll","background-type":"","background-media":"","overlay-type":"","overlay-color":"","overlay-opacity":"","overlay-gradient":""},"mobile":{"background-color":"var(--ast-global-color-4)","background-image":"","background-repeat":"repeat","background-position":"center center","background-size":"auto","background-attachment":"scroll","background-type":"","background-media":"","overlay-type":"","overlay-color":"","overlay-opacity":"","overlay-gradient":""}},"footnotes":""},"class_list":["post-36","page","type-page","status-publish","hentry"],"_links":{"self":[{"href":"https:\/\/26elysian.ideanet.at\/index.php?rest_route=\/wp\/v2\/pages\/36","targetHints":{"allow":["GET"]}}],"collection":[{"href":"https:\/\/26elysian.ideanet.at\/index.php?rest_route=\/wp\/v2\/pages"}],"about":[{"href":"https:\/\/26elysian.ideanet.at\/index.php?rest_route=\/wp\/v2\/types\/page"}],"author":[{"embeddable":true,"href":"https:\/\/26elysian.ideanet.at\/index.php?rest_route=\/wp\/v2\/users\/1"}],"replies":[{"embeddable":true,"href":"https:\/\/26elysian.ideanet.at\/index.php?rest_route=%2Fwp%2Fv2%2Fcomments&post=36"}],"version-history":[{"count":5,"href":"https:\/\/26elysian.ideanet.at\/index.php?rest_route=\/wp\/v2\/pages\/36\/revisions"}],"predecessor-version":[{"id":205,"href":"https:\/\/26elysian.ideanet.at\/index.php?rest_route=\/wp\/v2\/pages\/36\/revisions\/205"}],"wp:attachment":[{"href":"https:\/\/26elysian.ideanet.at\/index.php?rest_route=%2Fwp%2Fv2%2Fmedia&parent=36"}],"curies":[{"name":"wp","href":"https:\/\/api.w.org\/{rel}","templated":true}]}}