{"id":43,"date":"2026-01-21T12:11:09","date_gmt":"2026-01-21T12:11:09","guid":{"rendered":"https:\/\/26elysian.ideanet.at\/?page_id=43"},"modified":"2026-02-06T07:48:31","modified_gmt":"2026-02-06T07:48:31","slug":"normaldocht","status":"publish","type":"page","link":"https:\/\/26elysian.ideanet.at\/?page_id=43","title":{"rendered":"Normaldocht"},"content":{"rendered":"\t\t<div data-elementor-type=\"wp-page\" data-elementor-id=\"43\" class=\"elementor elementor-43\">\n\t\t\t\t<div class=\"elementor-element elementor-element-8e56a35 e-flex e-con-boxed e-con e-parent\" data-id=\"8e56a35\" data-element_type=\"container\" data-e-type=\"container\">\n\t\t\t\t\t<div class=\"e-con-inner\">\n\t\t\t\t<div class=\"elementor-element elementor-element-980a7b9 elementor-widget elementor-widget-heading\" data-id=\"980a7b9\" data-element_type=\"widget\" data-e-type=\"widget\" data-widget_type=\"heading.default\">\n\t\t\t\t\t<h2 class=\"elementor-heading-title elementor-size-default\">Normaldocht<\/h2>\t\t\t\t<\/div>\n\t\t\t\t\t<\/div>\n\t\t\t\t<\/div>\n\t\t<div class=\"elementor-element elementor-element-07cb0ff e-flex e-con-boxed e-con e-parent\" data-id=\"07cb0ff\" data-element_type=\"container\" data-e-type=\"container\">\n\t\t\t\t\t<div class=\"e-con-inner\">\n\t\t\t\t<div class=\"elementor-element elementor-element-9c4f1fb elementor-widget elementor-widget-text-editor\" data-id=\"9c4f1fb\" data-element_type=\"widget\" data-e-type=\"widget\" data-widget_type=\"text-editor.default\">\n\t\t\t\t\t\t\t\t\t<p data-start=\"251\" data-end=\"609\">Kerzen mit Normaldocht verk\u00f6rpern zeitlose Eleganz und klassische Raffinesse. Der fein geflochtene Baumwolldocht sorgt f\u00fcr eine ruhige, gleichm\u00e4\u00dfige Flamme, die sanft flackert und den Raum in ein warmes, harmonisches Licht taucht. Diese Art von Flamme wirkt beruhigend, fast meditativ \u2013 sie dr\u00e4ngt sich nicht in den Vordergrund, sondern begleitet den Moment.<\/p><p data-start=\"611\" data-end=\"1067\">Der Normaldocht erm\u00f6glicht eine besonders gleichm\u00e4\u00dfige Duftabgabe. Die Duftnoten entfalten sich schichtweise und ausgewogen, ohne zu dominieren. Frische Kopfnoten \u00f6ffnen den Raum dezent, w\u00e4hrend sich die Herz- und Basisnoten langsam entfalten und eine langanhaltende, elegante Atmosph\u00e4re schaffen. Dadurch eignen sich Kerzen mit Normaldocht ideal f\u00fcr allt\u00e4gliche Rituale, ruhige Abende oder stilvolle R\u00e4ume, in denen Zur\u00fcckhaltung und Balance gefragt sind.<\/p><p>\n\n<\/p><p data-start=\"1069\" data-end=\"1423\">ELYSIAN verwendet f\u00fcr seine Kerzen mit Normaldocht ausschlie\u00dflich hochwertige Wachskompositionen, die ein sauberes Abbrennen und eine lange Brenndauer gew\u00e4hrleisten. Das Ergebnis ist ein klares Dufterlebnis, das den Charakter des Raumes unterstreicht, ohne ihn zu \u00fcberladen. Diese Kerzen stehen f\u00fcr klassische Luxusmomente \u2013 leise, best\u00e4ndig und zeitlos.<\/p>\t\t\t\t\t\t\t\t<\/div>\n\t\t\t\t\t<\/div>\n\t\t\t\t<\/div>\n\t\t\t\t<\/div>\n\t\t","protected":false},"excerpt":{"rendered":"<p>Normaldocht Kerzen mit Normaldocht verk\u00f6rpern zeitlose Eleganz und klassische Raffinesse. Der fein geflochtene Baumwolldocht sorgt f\u00fcr eine ruhige, gleichm\u00e4\u00dfige Flamme, [&hellip;]<\/p>\n","protected":false},"author":1,"featured_media":0,"parent":0,"menu_order":0,"comment_status":"closed","ping_status":"closed","template":"","meta":{"site-sidebar-layout":"no-sidebar","site-content-layout":"","ast-site-content-layout":"full-width-container","site-content-style":"default","site-sidebar-style":"default","ast-global-header-display":"","ast-banner-title-visibility":"","ast-main-header-display":"","ast-hfb-above-header-display":"","ast-hfb-below-header-display":"","ast-hfb-mobile-header-display":"","site-post-title":"disabled","ast-breadcrumbs-content":"","ast-featured-img":"disabled","footer-sml-layout":"","ast-disable-related-posts":"","theme-transparent-header-meta":"","adv-header-id-meta":"","stick-header-meta":"","header-above-stick-meta":"","header-main-stick-meta":"","header-below-stick-meta":"","astra-migrate-meta-layouts":"default","ast-page-background-enabled":"default","ast-page-background-meta":{"desktop":{"background-color":"var(--ast-global-color-5)","background-image":"","background-repeat":"repeat","background-position":"center center","background-size":"auto","background-attachment":"scroll","background-type":"","background-media":"","overlay-type":"","overlay-color":"","overlay-opacity":"","overlay-gradient":""},"tablet":{"background-color":"","background-image":"","background-repeat":"repeat","background-position":"center center","background-size":"auto","background-attachment":"scroll","background-type":"","background-media":"","overlay-type":"","overlay-color":"","overlay-opacity":"","overlay-gradient":""},"mobile":{"background-color":"","background-image":"","background-repeat":"repeat","background-position":"center center","background-size":"auto","background-attachment":"scroll","background-type":"","background-media":"","overlay-type":"","overlay-color":"","overlay-opacity":"","overlay-gradient":""}},"ast-content-background-meta":{"desktop":{"background-color":"var(--ast-global-color-4)","background-image":"","background-repeat":"repeat","background-position":"center center","background-size":"auto","background-attachment":"scroll","background-type":"","background-media":"","overlay-type":"","overlay-color":"","overlay-opacity":"","overlay-gradient":""},"tablet":{"background-color":"var(--ast-global-color-4)","background-image":"","background-repeat":"repeat","background-position":"center center","background-size":"auto","background-attachment":"scroll","background-type":"","background-media":"","overlay-type":"","overlay-color":"","overlay-opacity":"","overlay-gradient":""},"mobile":{"background-color":"var(--ast-global-color-4)","background-image":"","background-repeat":"repeat","background-position":"center center","background-size":"auto","background-attachment":"scroll","background-type":"","background-media":"","overlay-type":"","overlay-color":"","overlay-opacity":"","overlay-gradient":""}},"footnotes":""},"class_list":["post-43","page","type-page","status-publish","hentry"],"_links":{"self":[{"href":"https:\/\/26elysian.ideanet.at\/index.php?rest_route=\/wp\/v2\/pages\/43","targetHints":{"allow":["GET"]}}],"collection":[{"href":"https:\/\/26elysian.ideanet.at\/index.php?rest_route=\/wp\/v2\/pages"}],"about":[{"href":"https:\/\/26elysian.ideanet.at\/index.php?rest_route=\/wp\/v2\/types\/page"}],"author":[{"embeddable":true,"href":"https:\/\/26elysian.ideanet.at\/index.php?rest_route=\/wp\/v2\/users\/1"}],"replies":[{"embeddable":true,"href":"https:\/\/26elysian.ideanet.at\/index.php?rest_route=%2Fwp%2Fv2%2Fcomments&post=43"}],"version-history":[{"count":5,"href":"https:\/\/26elysian.ideanet.at\/index.php?rest_route=\/wp\/v2\/pages\/43\/revisions"}],"predecessor-version":[{"id":201,"href":"https:\/\/26elysian.ideanet.at\/index.php?rest_route=\/wp\/v2\/pages\/43\/revisions\/201"}],"wp:attachment":[{"href":"https:\/\/26elysian.ideanet.at\/index.php?rest_route=%2Fwp%2Fv2%2Fmedia&parent=43"}],"curies":[{"name":"wp","href":"https:\/\/api.w.org\/{rel}","templated":true}]}}